{"id":3663,"date":"2024-09-16T02:33:02","date_gmt":"2024-09-16T02:33:02","guid":{"rendered":"https:\/\/rgdaire.com\/?page_id=3663"},"modified":"2025-03-11T21:44:26","modified_gmt":"2025-03-11T21:44:26","slug":"nuestro-respaldo-new","status":"publish","type":"page","link":"https:\/\/rgdaire.com\/index.php\/nuestro-respaldo-new\/","title":{"rendered":"NUESTRO RESPALDO NEW"},"content":{"rendered":"\t\t<div data-elementor-type=\"wp-page\" data-elementor-id=\"3663\" class=\"elementor elementor-3663\" data-elementor-post-type=\"page\">\n\t\t\t\t\t\t<section class=\"elementor-section elementor-top-section elementor-element elementor-element-702903fc elementor-section-full_width elementor-section-stretched elementor-section-height-default elementor-section-height-default\" data-id=\"702903fc\" data-element_type=\"section\" data-e-type=\"section\" data-settings=\"{&quot;stretch_section&quot;:&quot;section-stretched&quot;}\">\n\t\t\t\t\t\t\t<div class=\"elementor-background-overlay\"><\/div>\n\t\t\t\t\t\t\t<div class=\"elementor-container elementor-column-gap-default\">\n\t\t\t\t\t<div class=\"elementor-column elementor-col-100 elementor-top-column elementor-element elementor-element-14b8a4c6\" data-id=\"14b8a4c6\" data-element_type=\"column\" data-e-type=\"column\">\n\t\t\t<div class=\"elementor-widget-wrap elementor-element-populated\">\n\t\t\t\t\t\t<div class=\"elementor-element elementor-element-5de21f65 elementor-widget elementor-widget-heading\" data-id=\"5de21f65\" data-element_type=\"widget\" data-e-type=\"widget\" data-widget_type=\"heading.default\">\n\t\t\t\t<div class=\"elementor-widget-container\">\n\t\t\t\t\t<h2 class=\"elementor-heading-title elementor-size-default\">NUESTRO RESPALDO<\/h2>\t\t\t\t<\/div>\n\t\t\t\t<\/div>\n\t\t\t\t\t<\/div>\n\t\t<\/div>\n\t\t\t\t\t<\/div>\n\t\t<\/section>\n\t\t\t\t<section class=\"elementor-section elementor-top-section elementor-element elementor-element-133f0370 elementor-section-boxed elementor-section-height-default elementor-section-height-default\" data-id=\"133f0370\" data-element_type=\"section\" data-e-type=\"section\">\n\t\t\t\t\t\t<div class=\"elementor-container elementor-column-gap-no\">\n\t\t\t\t\t<div class=\"elementor-column elementor-col-50 elementor-top-column elementor-element elementor-element-18374e0e elementor-invisible\" data-id=\"18374e0e\" data-element_type=\"column\" data-e-type=\"column\" data-settings=\"{&quot;animation&quot;:&quot;fadeInLeft&quot;}\">\n\t\t\t<div class=\"elementor-widget-wrap elementor-element-populated\">\n\t\t\t\t\t\t<div class=\"elementor-element elementor-element-d92a1e1 elementor-widget elementor-widget-heading\" data-id=\"d92a1e1\" data-element_type=\"widget\" data-e-type=\"widget\" data-widget_type=\"heading.default\">\n\t\t\t\t<div class=\"elementor-widget-container\">\n\t\t\t\t\t<h2 class=\"elementor-heading-title elementor-size-default\">Especializaci\u00f3n en Sistemas HVAC<\/h2>\t\t\t\t<\/div>\n\t\t\t\t<\/div>\n\t\t\t\t<div class=\"elementor-element elementor-element-675b03b3 elementor-widget elementor-widget-text-editor\" data-id=\"675b03b3\" data-element_type=\"widget\" data-e-type=\"widget\" data-widget_type=\"text-editor.default\">\n\t\t\t\t<div class=\"elementor-widget-container\">\n\t\t\t\t\t\t\t\t\t<div class=\"flex-shrink-0 flex flex-col relative items-end\"><div class=\"pt-0\"><div class=\"gizmo-bot-avatar flex h-8 w-8 items-center justify-center overflow-hidden rounded-full\"><div class=\"relative p-1 rounded-sm flex items-center justify-center bg-token-main-surface-primary text-token-text-primary h-8 w-8\"><p>Con m\u00e1s de 35 a\u00f1os de experiencia, en RGD AIRE somos especialistas en el dise\u00f1o, instalaci\u00f3n y control de sistemas HVAC, proporcionando soluciones personalizadas que garantizan un ambiente \u00f3ptimo y eficiente. Cada proyecto se adapta a las necesidades espec\u00edficas de nuestros clientes, asegurando el cumplimiento de normativas como BPM farmac\u00e9utica y ASHRAE.<\/p><p>Hemos obtenido la certificaci\u00f3n INVIMA en m\u00e1s de 30 plantas farmac\u00e9uticas, lo que respalda nuestra capacidad para cumplir con los est\u00e1ndares m\u00e1s rigurosos de la industria. Nos destacamos por ofrecer proyectos que no solo cumplen con los requisitos t\u00e9cnicos, sino que tambi\u00e9n optimizan la operaci\u00f3n de las instalaciones y garantizan un entorno seguro y eficiente.<\/p><p>Aplicamos nuestra experiencia en diversos sectores, garantizando siempre la mejor calidad y confort en cada proyecto que realizamos.<\/p><\/div><\/div><\/div><\/div>\t\t\t\t\t\t\t\t<\/div>\n\t\t\t\t<\/div>\n\t\t\t\t\t<\/div>\n\t\t<\/div>\n\t\t\t\t<div class=\"elementor-column elementor-col-50 elementor-top-column elementor-element elementor-element-32a978d1\" data-id=\"32a978d1\" data-element_type=\"column\" data-e-type=\"column\">\n\t\t\t<div class=\"elementor-widget-wrap elementor-element-populated\">\n\t\t\t\t\t\t<div class=\"elementor-element elementor-element-e1f79be elementor-widget elementor-widget-image\" data-id=\"e1f79be\" data-element_type=\"widget\" data-e-type=\"widget\" data-widget_type=\"image.default\">\n\t\t\t\t<div class=\"elementor-widget-container\">\n\t\t\t\t\t\t\t\t\t\t\t\t\t\t\t<img fetchpriority=\"high\" decoding=\"async\" width=\"800\" height=\"600\" src=\"https:\/\/rgdaire.com\/wp-content\/uploads\/2022\/08\/IMG_4319-1024x768.jpg\" class=\"attachment-large size-large wp-image-1511\" alt=\"\" srcset=\"https:\/\/rgdaire.com\/wp-content\/uploads\/2022\/08\/IMG_4319-1024x768.jpg 1024w, https:\/\/rgdaire.com\/wp-content\/uploads\/2022\/08\/IMG_4319-300x225.jpg 300w, https:\/\/rgdaire.com\/wp-content\/uploads\/2022\/08\/IMG_4319-768x576.jpg 768w, https:\/\/rgdaire.com\/wp-content\/uploads\/2022\/08\/IMG_4319-1536x1152.jpg 1536w, https:\/\/rgdaire.com\/wp-content\/uploads\/2022\/08\/IMG_4319.jpg 1600w\" sizes=\"(max-width: 800px) 100vw, 800px\" \/>\t\t\t\t\t\t\t\t\t\t\t\t\t\t\t<\/div>\n\t\t\t\t<\/div>\n\t\t\t\t\t<\/div>\n\t\t<\/div>\n\t\t\t\t\t<\/div>\n\t\t<\/section>\n\t\t\t\t<section class=\"elementor-section elementor-top-section elementor-element elementor-element-e4ccc8d elementor-section-full_width elementor-section-height-default elementor-section-height-default\" data-id=\"e4ccc8d\" data-element_type=\"section\" data-e-type=\"section\" id=\"info_section\" data-settings=\"{&quot;background_background&quot;:&quot;classic&quot;}\">\n\t\t\t\t\t\t<div class=\"elementor-container elementor-column-gap-default\">\n\t\t\t\t\t<div class=\"elementor-column elementor-col-100 elementor-top-column elementor-element elementor-element-621f0de7\" data-id=\"621f0de7\" data-element_type=\"column\" data-e-type=\"column\">\n\t\t\t<div class=\"elementor-widget-wrap elementor-element-populated\">\n\t\t\t\t\t\t<section class=\"elementor-section elementor-inner-section elementor-element elementor-element-57c6d8b8 elementor-section-height-min-height elementor-section-boxed elementor-section-height-default\" data-id=\"57c6d8b8\" data-element_type=\"section\" data-e-type=\"section\">\n\t\t\t\t\t\t<div class=\"elementor-container elementor-column-gap-default\">\n\t\t\t\t\t<div class=\"elementor-column elementor-col-100 elementor-inner-column elementor-element elementor-element-71f5497\" data-id=\"71f5497\" data-element_type=\"column\" data-e-type=\"column\" data-settings=\"{&quot;background_background&quot;:&quot;classic&quot;}\">\n\t\t\t<div class=\"elementor-widget-wrap elementor-element-populated\">\n\t\t\t\t\t<div class=\"elementor-background-overlay\"><\/div>\n\t\t\t\t\t\t<div class=\"elementor-element elementor-element-75b956a2 animated-slow elementor-invisible elementor-widget elementor-widget-heading\" data-id=\"75b956a2\" data-element_type=\"widget\" data-e-type=\"widget\" data-settings=\"{&quot;_animation&quot;:&quot;fadeInUp&quot;}\" data-widget_type=\"heading.default\">\n\t\t\t\t<div class=\"elementor-widget-container\">\n\t\t\t\t\t<h2 class=\"elementor-heading-title elementor-size-default\">Acompa\u00f1amiento Continuo<\/h2>\t\t\t\t<\/div>\n\t\t\t\t<\/div>\n\t\t\t\t<div class=\"elementor-element elementor-element-1eb707e2 animated-slow elementor-invisible elementor-widget elementor-widget-heading\" data-id=\"1eb707e2\" data-element_type=\"widget\" data-e-type=\"widget\" data-settings=\"{&quot;_animation&quot;:&quot;fadeInUp&quot;}\" data-widget_type=\"heading.default\">\n\t\t\t\t<div class=\"elementor-widget-container\">\n\t\t\t\t\t<h2 class=\"elementor-heading-title elementor-size-default\">Desde el Inicio hasta la Excelencia<\/h2>\t\t\t\t<\/div>\n\t\t\t\t<\/div>\n\t\t\t\t\t<\/div>\n\t\t<\/div>\n\t\t\t\t\t<\/div>\n\t\t<\/section>\n\t\t\t\t\t<\/div>\n\t\t<\/div>\n\t\t\t\t\t<\/div>\n\t\t<\/section>\n\t\t\t\t<section class=\"elementor-section elementor-top-section elementor-element elementor-element-5dc6a05a elementor-section-boxed elementor-section-height-default elementor-section-height-default\" data-id=\"5dc6a05a\" data-element_type=\"section\" data-e-type=\"section\" data-settings=\"{&quot;background_background&quot;:&quot;classic&quot;}\">\n\t\t\t\t\t\t<div class=\"elementor-container elementor-column-gap-default\">\n\t\t\t\t\t<div class=\"elementor-column elementor-col-100 elementor-top-column elementor-element elementor-element-469a6de3\" data-id=\"469a6de3\" data-element_type=\"column\" data-e-type=\"column\">\n\t\t\t<div class=\"elementor-widget-wrap elementor-element-populated\">\n\t\t\t\t\t\t<section class=\"elementor-section elementor-inner-section elementor-element elementor-element-52906e elementor-section-boxed elementor-section-height-default elementor-section-height-default\" data-id=\"52906e\" data-element_type=\"section\" data-e-type=\"section\">\n\t\t\t\t\t\t<div class=\"elementor-container elementor-column-gap-wider\">\n\t\t\t\t\t<div class=\"elementor-column elementor-col-50 elementor-inner-column elementor-element elementor-element-74f3a52a\" data-id=\"74f3a52a\" data-element_type=\"column\" data-e-type=\"column\">\n\t\t\t<div class=\"elementor-widget-wrap elementor-element-populated\">\n\t\t\t\t\t\t<div class=\"elementor-element elementor-element-201b1d9b elementor-invisible elementor-widget elementor-widget-image\" data-id=\"201b1d9b\" data-element_type=\"widget\" data-e-type=\"widget\" data-settings=\"{&quot;_animation&quot;:&quot;fadeInLeft&quot;}\" data-widget_type=\"image.default\">\n\t\t\t\t<div class=\"elementor-widget-container\">\n\t\t\t\t\t\t\t\t\t\t\t\t\t\t\t<img decoding=\"async\" width=\"2560\" height=\"1745\" src=\"https:\/\/rgdaire.com\/wp-content\/uploads\/2024\/04\/fondo-2-1-scaled.jpg\" class=\"attachment-full size-full wp-image-2899\" alt=\"\" srcset=\"https:\/\/rgdaire.com\/wp-content\/uploads\/2024\/04\/fondo-2-1-scaled.jpg 2560w, https:\/\/rgdaire.com\/wp-content\/uploads\/2024\/04\/fondo-2-1-300x204.jpg 300w, https:\/\/rgdaire.com\/wp-content\/uploads\/2024\/04\/fondo-2-1-1024x698.jpg 1024w, https:\/\/rgdaire.com\/wp-content\/uploads\/2024\/04\/fondo-2-1-768x523.jpg 768w, https:\/\/rgdaire.com\/wp-content\/uploads\/2024\/04\/fondo-2-1-1536x1047.jpg 1536w, https:\/\/rgdaire.com\/wp-content\/uploads\/2024\/04\/fondo-2-1-2048x1396.jpg 2048w\" sizes=\"(max-width: 2560px) 100vw, 2560px\" \/>\t\t\t\t\t\t\t\t\t\t\t\t\t\t\t<\/div>\n\t\t\t\t<\/div>\n\t\t\t\t\t<\/div>\n\t\t<\/div>\n\t\t\t\t<div class=\"elementor-column elementor-col-50 elementor-inner-column elementor-element elementor-element-4917187f\" data-id=\"4917187f\" data-element_type=\"column\" data-e-type=\"column\">\n\t\t\t<div class=\"elementor-widget-wrap elementor-element-populated\">\n\t\t\t\t\t\t<div class=\"elementor-element elementor-element-789eafaa elementor-invisible elementor-widget elementor-widget-heading\" data-id=\"789eafaa\" data-element_type=\"widget\" data-e-type=\"widget\" data-settings=\"{&quot;_animation&quot;:&quot;fadeInRight&quot;}\" data-widget_type=\"heading.default\">\n\t\t\t\t<div class=\"elementor-widget-container\">\n\t\t\t\t\t<h2 class=\"elementor-heading-title elementor-size-default\">Acompa\u00f1amiento Completo en Soluciones HVAC para Tu Proyecto<\/h2>\t\t\t\t<\/div>\n\t\t\t\t<\/div>\n\t\t\t\t<div class=\"elementor-element elementor-element-deacc8b elementor-widget elementor-widget-text-editor\" data-id=\"deacc8b\" data-element_type=\"widget\" data-e-type=\"widget\" data-widget_type=\"text-editor.default\">\n\t\t\t\t<div class=\"elementor-widget-container\">\n\t\t\t\t\t\t\t\t\t<p>En RGD AIRE, creemos en un compromiso continuo con su proyecto, ofreciendo acompa\u00f1amiento desde el inicio hasta la entrega final para garantizar su satisfacci\u00f3n en cada etapa.<\/p><p>Nuestro acompa\u00f1amiento incluye:<\/p><ul><li><p><strong>Actualizaci\u00f3n Normativa y Regulatoria<\/strong>: Nos mantenemos al tanto de los cambios en normativas y regulaciones, asegurando que su proyecto cumpla con los requisitos vigentes y mejores pr\u00e1cticas de la industria.<\/p><\/li><li><p><strong>Asesor\u00eda en Dise\u00f1o de Planta<\/strong>: Adem\u00e1s de la climatizaci\u00f3n, ofrecemos asesor\u00eda integral en el dise\u00f1o de su planta, optimizando la disposici\u00f3n de equipos y flujos de trabajo.<\/p><\/li><\/ul><p>En RGD AIRE, estamos comprometidos con la excelencia y la optimizaci\u00f3n de cada proyecto, garantizando que supere sus expectativas y priorizando su \u00e9xito.<\/p>\t\t\t\t\t\t\t\t<\/div>\n\t\t\t\t<\/div>\n\t\t\t\t\t<\/div>\n\t\t<\/div>\n\t\t\t\t\t<\/div>\n\t\t<\/section>\n\t\t\t\t\t<\/div>\n\t\t<\/div>\n\t\t\t\t\t<\/div>\n\t\t<\/section>\n\t\t\t\t<section class=\"elementor-section elementor-top-section elementor-element elementor-element-3208975 elementor-section-boxed elementor-section-height-default elementor-section-height-default\" data-id=\"3208975\" data-element_type=\"section\" data-e-type=\"section\">\n\t\t\t\t\t\t<div class=\"elementor-container elementor-column-gap-default\">\n\t\t\t\t\t<div class=\"elementor-column elementor-col-100 elementor-top-column elementor-element elementor-element-56610f1\" data-id=\"56610f1\" data-element_type=\"column\" data-e-type=\"column\">\n\t\t\t<div class=\"elementor-widget-wrap elementor-element-populated\">\n\t\t\t\t\t\t<div class=\"elementor-element elementor-element-066d875 elementor-widget elementor-widget-heading\" data-id=\"066d875\" data-element_type=\"widget\" data-e-type=\"widget\" data-widget_type=\"heading.default\">\n\t\t\t\t<div class=\"elementor-widget-container\">\n\t\t\t\t\t<h2 class=\"elementor-heading-title elementor-size-default\">Sistemas \u00danicos Adaptados a Cada Cliente: Su Proyecto, Su Soluci\u00f3n<\/h2>\t\t\t\t<\/div>\n\t\t\t\t<\/div>\n\t\t\t\t<div class=\"elementor-element elementor-element-3ef0627 elementor-widget elementor-widget-text-editor\" data-id=\"3ef0627\" data-element_type=\"widget\" data-e-type=\"widget\" data-widget_type=\"text-editor.default\">\n\t\t\t\t<div class=\"elementor-widget-container\">\n\t\t\t\t\t\t\t\t\t<p><span style=\"font-weight: 400;\">En RGD AIRE, creamos soluciones \u00fanicas, adaptadas a cada cliente. Cada proyecto se aborda con una perspectiva personalizada, teniendo en cuenta sus requerimientos espec\u00edficos, presupuesto y metas. Evaluamos las necesidades del cliente considerando las normativas y est\u00e1ndares aplicables, asi como las variables \u00fanicas de su operaci\u00f3n. Esto nos permite diferenciarnos en tres aspectos clave:<\/span><\/p>\t\t\t\t\t\t\t\t<\/div>\n\t\t\t\t<\/div>\n\t\t\t\t\t<\/div>\n\t\t<\/div>\n\t\t\t\t\t<\/div>\n\t\t<\/section>\n\t\t\t\t<section class=\"elementor-section elementor-top-section elementor-element elementor-element-ce3629e elementor-section-boxed elementor-section-height-default elementor-section-height-default\" data-id=\"ce3629e\" data-element_type=\"section\" data-e-type=\"section\">\n\t\t\t\t\t\t<div class=\"elementor-container elementor-column-gap-default\">\n\t\t\t\t\t<div class=\"elementor-column elementor-col-100 elementor-top-column elementor-element elementor-element-ea971d3\" data-id=\"ea971d3\" data-element_type=\"column\" data-e-type=\"column\">\n\t\t\t<div class=\"elementor-widget-wrap\">\n\t\t\t\t\t\t\t<\/div>\n\t\t<\/div>\n\t\t\t\t\t<\/div>\n\t\t<\/section>\n\t\t\t\t<section class=\"elementor-section elementor-top-section elementor-element elementor-element-1371fa7c elementor-section-full_width elementor-section-height-default elementor-section-height-default\" data-id=\"1371fa7c\" data-element_type=\"section\" data-e-type=\"section\" data-settings=\"{&quot;background_background&quot;:&quot;classic&quot;}\">\n\t\t\t\t\t\t<div class=\"elementor-container elementor-column-gap-default\">\n\t\t\t\t\t<div class=\"elementor-column elementor-col-50 elementor-top-column elementor-element elementor-element-776fbf91\" data-id=\"776fbf91\" data-element_type=\"column\" data-e-type=\"column\">\n\t\t\t<div class=\"elementor-widget-wrap elementor-element-populated\">\n\t\t\t\t\t\t<div class=\"elementor-element elementor-element-33f6219 animated-slow elementor-invisible elementor-widget elementor-widget-image\" data-id=\"33f6219\" data-element_type=\"widget\" data-e-type=\"widget\" data-settings=\"{&quot;_animation&quot;:&quot;fadeIn&quot;}\" data-widget_type=\"image.default\">\n\t\t\t\t<div class=\"elementor-widget-container\">\n\t\t\t\t\t\t\t\t\t\t\t\t\t\t\t<img decoding=\"async\" width=\"800\" height=\"366\" src=\"https:\/\/rgdaire.com\/wp-content\/uploads\/2024\/02\/logo-iso-9001-bureau-veritas.png\" class=\"attachment-large size-large wp-image-2353\" alt=\"\" srcset=\"https:\/\/rgdaire.com\/wp-content\/uploads\/2024\/02\/logo-iso-9001-bureau-veritas.png 900w, https:\/\/rgdaire.com\/wp-content\/uploads\/2024\/02\/logo-iso-9001-bureau-veritas-300x137.png 300w, https:\/\/rgdaire.com\/wp-content\/uploads\/2024\/02\/logo-iso-9001-bureau-veritas-768x352.png 768w\" sizes=\"(max-width: 800px) 100vw, 800px\" \/>\t\t\t\t\t\t\t\t\t\t\t\t\t\t\t<\/div>\n\t\t\t\t<\/div>\n\t\t\t\t\t<\/div>\n\t\t<\/div>\n\t\t\t\t<div class=\"elementor-column elementor-col-50 elementor-top-column elementor-element elementor-element-7f05749a\" data-id=\"7f05749a\" data-element_type=\"column\" data-e-type=\"column\">\n\t\t\t<div class=\"elementor-widget-wrap elementor-element-populated\">\n\t\t\t\t\t\t<div class=\"elementor-element elementor-element-487d16dc elementor-widget elementor-widget-heading\" data-id=\"487d16dc\" data-element_type=\"widget\" data-e-type=\"widget\" data-widget_type=\"heading.default\">\n\t\t\t\t<div class=\"elementor-widget-container\">\n\t\t\t\t\t<h2 class=\"elementor-heading-title elementor-size-default\">Excelencia en Calidad: Certificaci\u00f3n ISO 9001\/2015<\/h2>\t\t\t\t<\/div>\n\t\t\t\t<\/div>\n\t\t\t\t<div class=\"elementor-element elementor-element-b49491c elementor-widget elementor-widget-text-editor\" data-id=\"b49491c\" data-element_type=\"widget\" data-e-type=\"widget\" data-widget_type=\"text-editor.default\">\n\t\t\t\t<div class=\"elementor-widget-container\">\n\t\t\t\t\t\t\t\t\t<p style=\"text-align: justify;\">En RGD AIRE ACONDICIONADO, garantizamos calidad certificada bajo la norma ISO 9001\/2015 desde 2020. Cumplimos con est\u00e1ndares internacionales como ASHRAE, FDA, IAQ, ACGIH, cGMP, LEED, e INVIMA a nivel nacional. Nuestro equipo se capacita continuamente para ofrecer soluciones sostenibles y optimizadas, asegurando un servicio de excelencia. Al elegirnos, elige calidad respaldada por normativas globales y un firme compromiso con el medio ambiente.<\/p>\t\t\t\t\t\t\t\t<\/div>\n\t\t\t\t<\/div>\n\t\t\t\t\t<\/div>\n\t\t<\/div>\n\t\t\t\t\t<\/div>\n\t\t<\/section>\n\t\t\t\t<section class=\"elementor-section elementor-top-section elementor-element elementor-element-898a21a elementor-section-boxed elementor-section-height-default elementor-section-height-default\" data-id=\"898a21a\" data-element_type=\"section\" data-e-type=\"section\" data-settings=\"{&quot;background_background&quot;:&quot;classic&quot;}\">\n\t\t\t\t\t\t<div class=\"elementor-container elementor-column-gap-default\">\n\t\t\t\t\t<div class=\"elementor-column elementor-col-100 elementor-top-column elementor-element elementor-element-1d4af8d8\" data-id=\"1d4af8d8\" data-element_type=\"column\" data-e-type=\"column\">\n\t\t\t<div class=\"elementor-widget-wrap elementor-element-populated\">\n\t\t\t\t\t\t<section class=\"elementor-section elementor-inner-section elementor-element elementor-element-54c63e7e elementor-section-full_width elementor-section-height-default elementor-section-height-default\" data-id=\"54c63e7e\" data-element_type=\"section\" data-e-type=\"section\" data-settings=\"{&quot;background_background&quot;:&quot;classic&quot;}\">\n\t\t\t\t\t\t<div class=\"elementor-container elementor-column-gap-default\">\n\t\t\t\t\t<div class=\"elementor-column elementor-col-50 elementor-inner-column elementor-element elementor-element-49344532\" data-id=\"49344532\" data-element_type=\"column\" data-e-type=\"column\">\n\t\t\t<div class=\"elementor-widget-wrap elementor-element-populated\">\n\t\t\t\t\t\t<div class=\"elementor-element elementor-element-68e0b3d4 elementor-widget elementor-widget-heading\" data-id=\"68e0b3d4\" data-element_type=\"widget\" data-e-type=\"widget\" data-widget_type=\"heading.default\">\n\t\t\t\t<div class=\"elementor-widget-container\">\n\t\t\t\t\t<h2 class=\"elementor-heading-title elementor-size-default\">Por Qu\u00e9 Elegirnos: Su \u00c9xito es Nuestro Compromiso<\/h2>\t\t\t\t<\/div>\n\t\t\t\t<\/div>\n\t\t\t\t<div class=\"elementor-element elementor-element-3271bc34 elementor-widget elementor-widget-text-editor\" data-id=\"3271bc34\" data-element_type=\"widget\" data-e-type=\"widget\" data-widget_type=\"text-editor.default\">\n\t\t\t\t<div class=\"elementor-widget-container\">\n\t\t\t\t\t\t\t\t\t<p><span style=\"font-weight: 400;\">Somos su socio en la b\u00fasqueda de la excelencia en climatizaci\u00f3n y calidad de aire. Conf\u00ede en RGD AIRE para proporcionar soluciones HVAC que superen sus expectativas. Cont\u00e1ctenos hoy para comenzar una colaboraci\u00f3n que marcar\u00e1 la diferencia en su entorno. <\/span><\/p>\t\t\t\t\t\t\t\t<\/div>\n\t\t\t\t<\/div>\n\t\t\t\t<div class=\"elementor-element elementor-element-161321d elementor-align-center elementor-widget elementor-widget-button\" data-id=\"161321d\" data-element_type=\"widget\" data-e-type=\"widget\" data-widget_type=\"button.default\">\n\t\t\t\t<div class=\"elementor-widget-container\">\n\t\t\t\t\t\t\t\t\t<div class=\"elementor-button-wrapper\">\n\t\t\t\t\t<a class=\"elementor-button elementor-button-link elementor-size-sm\" href=\"https:\/\/rgdaire.com\/index.php\/contacto-2\/\">\n\t\t\t\t\t\t<span class=\"elementor-button-content-wrapper\">\n\t\t\t\t\t\t\t\t\t<span class=\"elementor-button-text\">Contacto<\/span>\n\t\t\t\t\t<\/span>\n\t\t\t\t\t<\/a>\n\t\t\t\t<\/div>\n\t\t\t\t\t\t\t\t<\/div>\n\t\t\t\t<\/div>\n\t\t\t\t\t<\/div>\n\t\t<\/div>\n\t\t\t\t<div class=\"elementor-column elementor-col-50 elementor-inner-column elementor-element elementor-element-3e82fcd6\" data-id=\"3e82fcd6\" data-element_type=\"column\" data-e-type=\"column\">\n\t\t\t<div class=\"elementor-widget-wrap elementor-element-populated\">\n\t\t\t\t\t\t<div class=\"elementor-element elementor-element-b7ebe81 elementor-widget elementor-widget-image\" data-id=\"b7ebe81\" data-element_type=\"widget\" data-e-type=\"widget\" data-widget_type=\"image.default\">\n\t\t\t\t<div class=\"elementor-widget-container\">\n\t\t\t\t\t\t\t\t\t\t\t\t\t\t\t<img loading=\"lazy\" decoding=\"async\" width=\"800\" height=\"541\" src=\"https:\/\/rgdaire.com\/wp-content\/uploads\/2024\/06\/PORQUE-ELEGIRNOS-1024x692.jpg\" class=\"attachment-large size-large wp-image-3103\" alt=\"\" srcset=\"https:\/\/rgdaire.com\/wp-content\/uploads\/2024\/06\/PORQUE-ELEGIRNOS-1024x692.jpg 1024w, https:\/\/rgdaire.com\/wp-content\/uploads\/2024\/06\/PORQUE-ELEGIRNOS-300x203.jpg 300w, https:\/\/rgdaire.com\/wp-content\/uploads\/2024\/06\/PORQUE-ELEGIRNOS-768x519.jpg 768w, https:\/\/rgdaire.com\/wp-content\/uploads\/2024\/06\/PORQUE-ELEGIRNOS-1536x1038.jpg 1536w, https:\/\/rgdaire.com\/wp-content\/uploads\/2024\/06\/PORQUE-ELEGIRNOS-2048x1384.jpg 2048w\" sizes=\"(max-width: 800px) 100vw, 800px\" \/>\t\t\t\t\t\t\t\t\t\t\t\t\t\t\t<\/div>\n\t\t\t\t<\/div>\n\t\t\t\t\t<\/div>\n\t\t<\/div>\n\t\t\t\t\t<\/div>\n\t\t<\/section>\n\t\t\t\t\t<\/div>\n\t\t<\/div>\n\t\t\t\t\t<\/div>\n\t\t<\/section>\n\t\t\t\t<\/div>\n\t\t","protected":false},"excerpt":{"rendered":"<p>NUESTRO RESPALDO Especializaci\u00f3n en Sistemas HVAC Con m\u00e1s de 35 a\u00f1os de experiencia, en RGD AIRE somos especialistas en el dise\u00f1o, instalaci\u00f3n y control de sistemas HVAC, proporcionando soluciones personalizadas que garantizan un ambiente \u00f3ptimo y eficiente. Cada proyecto se adapta a las necesidades espec\u00edficas de nuestros clientes, asegurando el cumplimiento de normativas como BPM [&hellip;]<\/p>\n","protected":false},"author":2,"featured_media":0,"parent":0,"menu_order":0,"comment_status":"closed","ping_status":"closed","template":"","meta":{"_joinchat":[],"footnotes":""},"class_list":["post-3663","page","type-page","status-publish","hentry"],"_links":{"self":[{"href":"https:\/\/rgdaire.com\/index.php\/wp-json\/wp\/v2\/pages\/3663","targetHints":{"allow":["GET"]}}],"collection":[{"href":"https:\/\/rgdaire.com\/index.php\/wp-json\/wp\/v2\/pages"}],"about":[{"href":"https:\/\/rgdaire.com\/index.php\/wp-json\/wp\/v2\/types\/page"}],"author":[{"embeddable":true,"href":"https:\/\/rgdaire.com\/index.php\/wp-json\/wp\/v2\/users\/2"}],"replies":[{"embeddable":true,"href":"https:\/\/rgdaire.com\/index.php\/wp-json\/wp\/v2\/comments?post=3663"}],"version-history":[{"count":49,"href":"https:\/\/rgdaire.com\/index.php\/wp-json\/wp\/v2\/pages\/3663\/revisions"}],"predecessor-version":[{"id":3847,"href":"https:\/\/rgdaire.com\/index.php\/wp-json\/wp\/v2\/pages\/3663\/revisions\/3847"}],"wp:attachment":[{"href":"https:\/\/rgdaire.com\/index.php\/wp-json\/wp\/v2\/media?parent=3663"}],"curies":[{"name":"wp","href":"https:\/\/api.w.org\/{rel}","templated":true}]}}